{"id":2,"date":"2020-04-03T12:08:34","date_gmt":"2020-04-03T12:08:34","guid":{"rendered":"https:\/\/nachbarrecht-aargau.ch\/?page_id=2"},"modified":"2020-04-03T18:31:57","modified_gmt":"2020-04-03T18:31:57","slug":"sample-page","status":"publish","type":"page","link":"https:\/\/nachbarrecht-aargau.ch\/","title":{"rendered":"provoziert?"},"content":{"rendered":"<p><img loading=\"lazy\" decoding=\"async\" class=\"alignnone  wp-image-34\" src=\"https:\/\/nachbarrecht-aargau.ch\/wp-content\/uploads\/2020\/04\/ass_side.jpg\" alt=\"\" width=\"1044\" height=\"549\" srcset=\"https:\/\/nachbarrecht-aargau.ch\/wp-content\/uploads\/2020\/04\/ass_side.jpg 1200w, https:\/\/nachbarrecht-aargau.ch\/wp-content\/uploads\/2020\/04\/ass_side-300x158.jpg 300w, https:\/\/nachbarrecht-aargau.ch\/wp-content\/uploads\/2020\/04\/ass_side-1024x538.jpg 1024w, https:\/\/nachbarrecht-aargau.ch\/wp-content\/uploads\/2020\/04\/ass_side-768x403.jpg 768w\" sizes=\"auto, (max-width: 1044px) 100vw, 1044px\" \/><\/p>\r\n<div class=\"lemma\">\r\n<p class=\"lemma__title\"><strong><span class=\"lemma__main\">St\u00f6\u00adren\u00adfried<\/span>, <\/strong><span class=\"lemma__determiner\"><strong>der<\/strong> <em>(Substantiv, maskulin; St\u00f6|ren|fried; jemand, der die Eintracht, die Ruhe und Ordnung st\u00f6rt; verwandt mit: Krawallmacher, Ruhest\u00f6rer und Radaubruder)<\/em><\/span><\/p>\r\n<\/div>\r\n<p>Die Gr\u00fcnde f\u00fcr St\u00f6rungen sind vielf\u00e4ltig. Ob ein <a href=\"https:\/\/nachbarrecht-aargau.ch\/index.php\/pflanzabstaende\/\">zu nahe<\/a> an der Grenze wachsender Baum, L\u00e4rm, Laub, Gestank, Rauch, Ersch\u00fctterungen, \u00fcberh\u00e4ngende \u00c4ste, Schattenwurf, ein Trampolin, Kleinbauten oder eine <a href=\"https:\/\/nachbarrecht-aargau.ch\/index.php\/zuparkiert\/\">zuparkierte Ausfahrt<\/a>: All diesen St\u00f6rungen ist gemeinsam, dass sie den Nachbarn beeintr\u00e4chtigen k\u00f6nnen.<\/p>\r\n<p>Bekanntlich passen viele Tropfen in ein Fass. Die Frage ist: Wann l\u00e4uft es \u00fcber? Welche Beeintr\u00e4chtigungen muss man sich nicht gefallen lassen?<\/p>\r\n<p>Diese Webseite beantwortet grunds\u00e4tzlich nur nachbarschaftsrechtliche Fragen des <a href=\"https:\/\/www.admin.ch\/opc\/de\/classified-compilation\/19070042\/index.html#a679\" target=\"_blank\" rel=\"noopener noreferrer\">Zivilrechts<\/a>. Demgegen\u00fcber geh\u00f6ren Fragen zu Bauten zum <a href=\"https:\/\/baugesetz.chkp.ch\/\" target=\"_blank\" rel=\"noopener noreferrer\">\u00f6ffentlichen Recht<\/a>. Einzelne, ausgew\u00e4hlte Themen des Baurechts werden auf dieser Webseite dennoch beleuchtet.<\/p>\r\n","protected":false},"excerpt":{"rendered":"<p>St\u00f6\u00adren\u00adfried, der (Substantiv, maskulin; St\u00f6|ren|fried; jemand, der die Eintracht, die Ruhe und Ordnung st\u00f6rt; verwandt mit: Krawallmacher, Ruhest\u00f6rer und Radaubruder) Die Gr\u00fcnde f\u00fcr St\u00f6rungen sind vielf\u00e4ltig. Ob ein zu nahe an der Grenze wachsender Baum, L\u00e4rm, Laub, Gestank, Rauch, Ersch\u00fctterungen, \u00fcberh\u00e4ngende \u00c4ste, Schattenwurf, ein Trampolin, Kleinbauten oder eine zuparkierte Ausfahrt: All diesen St\u00f6rungen ist gemeinsam, [&hellip;]<\/p>\n","protected":false},"author":1,"featured_media":0,"parent":0,"menu_order":0,"comment_status":"closed","ping_status":"closed","template":"","meta":{"om_disable_all_campaigns":false,"_monsterinsights_skip_tracking":false,"_monsterinsights_sitenote_active":false,"_monsterinsights_sitenote_note":"","_monsterinsights_sitenote_category":0,"_uf_show_specific_survey":0,"_uf_disable_surveys":false,"footnotes":""},"class_list":["post-2","page","type-page","status-publish","hentry"],"yoast_head":"<!-- This site is optimized with the Yoast SEO plugin v27.5 - https:\/\/yoast.com\/product\/yoast-seo-wordpress\/ -->\n<title>Nachbarrecht Aargau<\/title>\n<meta name=\"description\" content=\"Wissenswertes \u00fcber Pflanzen, Grenzabst\u00e4nde, Immissionen und Kleinbauten\" \/>\n<meta name=\"robots\" content=\"index, follow, max-snippet:-1, max-image-preview:large, max-video-preview:-1\" \/>\n<link rel=\"canonical\" href=\"https:\/\/nachbarrecht-aargau.ch\/\" \/>\n<meta property=\"og:locale\" content=\"de_DE\" \/>\n<meta property=\"og:type\" content=\"article\" \/>\n<meta property=\"og:title\" content=\"Nachbarrecht Aargau\" \/>\n<meta property=\"og:description\" content=\"Wissenswertes \u00fcber Pflanzen, Grenzabst\u00e4nde, Immissionen und Kleinbauten\" \/>\n<meta property=\"og:url\" content=\"https:\/\/nachbarrecht-aargau.ch\/\" \/>\n<meta property=\"og:site_name\" content=\"Nachbarrecht Aargau\" \/>\n<meta property=\"article:modified_time\" content=\"2020-04-03T18:31:57+00:00\" \/>\n<meta property=\"og:image\" content=\"https:\/\/nachbarrecht-aargau.ch\/wp-content\/uploads\/2020\/04\/ass_side.jpg\" \/>\n<meta name=\"twitter:card\" content=\"summary_large_image\" \/>\n<meta name=\"twitter:label1\" content=\"Gesch\u00e4tzte Lesezeit\" \/>\n\t<meta name=\"twitter:data1\" content=\"1\u00a0Minute\" \/>\n<script type=\"application\/ld+json\" class=\"yoast-schema-graph\">{\"@context\":\"https:\\\/\\\/schema.org\",\"@graph\":[{\"@type\":\"WebPage\",\"@id\":\"https:\\\/\\\/nachbarrecht-aargau.ch\\\/\",\"url\":\"https:\\\/\\\/nachbarrecht-aargau.ch\\\/\",\"name\":\"Nachbarrecht Aargau\",\"isPartOf\":{\"@id\":\"https:\\\/\\\/nachbarrecht-aargau.ch\\\/#website\"},\"primaryImageOfPage\":{\"@id\":\"https:\\\/\\\/nachbarrecht-aargau.ch\\\/#primaryimage\"},\"image\":{\"@id\":\"https:\\\/\\\/nachbarrecht-aargau.ch\\\/#primaryimage\"},\"thumbnailUrl\":\"https:\\\/\\\/nachbarrecht-aargau.ch\\\/wp-content\\\/uploads\\\/2020\\\/04\\\/ass_side.jpg\",\"datePublished\":\"2020-04-03T12:08:34+00:00\",\"dateModified\":\"2020-04-03T18:31:57+00:00\",\"description\":\"Wissenswertes \u00fcber Pflanzen, Grenzabst\u00e4nde, Immissionen und Kleinbauten\",\"breadcrumb\":{\"@id\":\"https:\\\/\\\/nachbarrecht-aargau.ch\\\/#breadcrumb\"},\"inLanguage\":\"de\",\"potentialAction\":[{\"@type\":\"ReadAction\",\"target\":[\"https:\\\/\\\/nachbarrecht-aargau.ch\\\/\"]}]},{\"@type\":\"ImageObject\",\"inLanguage\":\"de\",\"@id\":\"https:\\\/\\\/nachbarrecht-aargau.ch\\\/#primaryimage\",\"url\":\"https:\\\/\\\/nachbarrecht-aargau.ch\\\/wp-content\\\/uploads\\\/2020\\\/04\\\/ass_side.jpg\",\"contentUrl\":\"https:\\\/\\\/nachbarrecht-aargau.ch\\\/wp-content\\\/uploads\\\/2020\\\/04\\\/ass_side.jpg\",\"width\":1200,\"height\":630},{\"@type\":\"BreadcrumbList\",\"@id\":\"https:\\\/\\\/nachbarrecht-aargau.ch\\\/#breadcrumb\",\"itemListElement\":[{\"@type\":\"ListItem\",\"position\":1,\"name\":\"Home\",\"item\":\"https:\\\/\\\/nachbarrecht-aargau.ch\\\/\"},{\"@type\":\"ListItem\",\"position\":2,\"name\":\"provoziert?\"}]},{\"@type\":\"WebSite\",\"@id\":\"https:\\\/\\\/nachbarrecht-aargau.ch\\\/#website\",\"url\":\"https:\\\/\\\/nachbarrecht-aargau.ch\\\/\",\"name\":\"Nachbarrecht Aargau\",\"description\":\"Wissenswertes \u00fcber Pflanzen, Grenzabst\u00e4nde, Immissionen und Kleinbauten\",\"potentialAction\":[{\"@type\":\"SearchAction\",\"target\":{\"@type\":\"EntryPoint\",\"urlTemplate\":\"https:\\\/\\\/nachbarrecht-aargau.ch\\\/?s={search_term_string}\"},\"query-input\":{\"@type\":\"PropertyValueSpecification\",\"valueRequired\":true,\"valueName\":\"search_term_string\"}}],\"inLanguage\":\"de\"}]}<\/script>\n<!-- \/ Yoast SEO plugin. -->","yoast_head_json":{"title":"Nachbarrecht Aargau","description":"Wissenswertes \u00fcber Pflanzen, Grenzabst\u00e4nde, Immissionen und Kleinbauten","robots":{"index":"index","follow":"follow","max-snippet":"max-snippet:-1","max-image-preview":"max-image-preview:large","max-video-preview":"max-video-preview:-1"},"canonical":"https:\/\/nachbarrecht-aargau.ch\/","og_locale":"de_DE","og_type":"article","og_title":"Nachbarrecht Aargau","og_description":"Wissenswertes \u00fcber Pflanzen, Grenzabst\u00e4nde, Immissionen und Kleinbauten","og_url":"https:\/\/nachbarrecht-aargau.ch\/","og_site_name":"Nachbarrecht Aargau","article_modified_time":"2020-04-03T18:31:57+00:00","og_image":[{"url":"https:\/\/nachbarrecht-aargau.ch\/wp-content\/uploads\/2020\/04\/ass_side.jpg","type":"","width":"","height":""}],"twitter_card":"summary_large_image","twitter_misc":{"Gesch\u00e4tzte Lesezeit":"1\u00a0Minute"},"schema":{"@context":"https:\/\/schema.org","@graph":[{"@type":"WebPage","@id":"https:\/\/nachbarrecht-aargau.ch\/","url":"https:\/\/nachbarrecht-aargau.ch\/","name":"Nachbarrecht Aargau","isPartOf":{"@id":"https:\/\/nachbarrecht-aargau.ch\/#website"},"primaryImageOfPage":{"@id":"https:\/\/nachbarrecht-aargau.ch\/#primaryimage"},"image":{"@id":"https:\/\/nachbarrecht-aargau.ch\/#primaryimage"},"thumbnailUrl":"https:\/\/nachbarrecht-aargau.ch\/wp-content\/uploads\/2020\/04\/ass_side.jpg","datePublished":"2020-04-03T12:08:34+00:00","dateModified":"2020-04-03T18:31:57+00:00","description":"Wissenswertes \u00fcber Pflanzen, Grenzabst\u00e4nde, Immissionen und Kleinbauten","breadcrumb":{"@id":"https:\/\/nachbarrecht-aargau.ch\/#breadcrumb"},"inLanguage":"de","potentialAction":[{"@type":"ReadAction","target":["https:\/\/nachbarrecht-aargau.ch\/"]}]},{"@type":"ImageObject","inLanguage":"de","@id":"https:\/\/nachbarrecht-aargau.ch\/#primaryimage","url":"https:\/\/nachbarrecht-aargau.ch\/wp-content\/uploads\/2020\/04\/ass_side.jpg","contentUrl":"https:\/\/nachbarrecht-aargau.ch\/wp-content\/uploads\/2020\/04\/ass_side.jpg","width":1200,"height":630},{"@type":"BreadcrumbList","@id":"https:\/\/nachbarrecht-aargau.ch\/#breadcrumb","itemListElement":[{"@type":"ListItem","position":1,"name":"Home","item":"https:\/\/nachbarrecht-aargau.ch\/"},{"@type":"ListItem","position":2,"name":"provoziert?"}]},{"@type":"WebSite","@id":"https:\/\/nachbarrecht-aargau.ch\/#website","url":"https:\/\/nachbarrecht-aargau.ch\/","name":"Nachbarrecht Aargau","description":"Wissenswertes \u00fcber Pflanzen, Grenzabst\u00e4nde, Immissionen und Kleinbauten","potentialAction":[{"@type":"SearchAction","target":{"@type":"EntryPoint","urlTemplate":"https:\/\/nachbarrecht-aargau.ch\/?s={search_term_string}"},"query-input":{"@type":"PropertyValueSpecification","valueRequired":true,"valueName":"search_term_string"}}],"inLanguage":"de"}]}},"jetpack_sharing_enabled":true,"_links":{"self":[{"href":"https:\/\/nachbarrecht-aargau.ch\/index.php\/wp-json\/wp\/v2\/pages\/2","targetHints":{"allow":["GET"]}}],"collection":[{"href":"https:\/\/nachbarrecht-aargau.ch\/index.php\/wp-json\/wp\/v2\/pages"}],"about":[{"href":"https:\/\/nachbarrecht-aargau.ch\/index.php\/wp-json\/wp\/v2\/types\/page"}],"author":[{"embeddable":true,"href":"https:\/\/nachbarrecht-aargau.ch\/index.php\/wp-json\/wp\/v2\/users\/1"}],"replies":[{"embeddable":true,"href":"https:\/\/nachbarrecht-aargau.ch\/index.php\/wp-json\/wp\/v2\/comments?post=2"}],"version-history":[{"count":12,"href":"https:\/\/nachbarrecht-aargau.ch\/index.php\/wp-json\/wp\/v2\/pages\/2\/revisions"}],"predecessor-version":[{"id":66,"href":"https:\/\/nachbarrecht-aargau.ch\/index.php\/wp-json\/wp\/v2\/pages\/2\/revisions\/66"}],"wp:attachment":[{"href":"https:\/\/nachbarrecht-aargau.ch\/index.php\/wp-json\/wp\/v2\/media?parent=2"}],"curies":[{"name":"wp","href":"https:\/\/api.w.org\/{rel}","templated":true}]}}