{"id":27,"date":"2020-04-03T13:44:44","date_gmt":"2020-04-03T13:44:44","guid":{"rendered":"https:\/\/nachbarrecht-aargau.ch\/?page_id=27"},"modified":"2025-10-02T09:35:19","modified_gmt":"2025-10-02T09:35:19","slug":"abstaende","status":"publish","type":"page","link":"https:\/\/nachbarrecht-aargau.ch\/index.php\/abstaende\/","title":{"rendered":"Abst\u00e4nde"},"content":{"rendered":"<p class=\"aphorism maxheight\"><em>&#8222;Der richtige Abstand ist immer zugleich auch die richtige N\u00e4he&#8220; (Carl Fr\u00f6hling, deutscher Philosoph)<\/em><\/p>\n<h5>W\u00e4hlen Sie im Untermen\u00fc dieses Kapitels:<\/h5>\n<ul>\n<li>\n<h5><a href=\"https:\/\/nachbarrecht-aargau.ch\/index.php\/an-der-grenze\/\">Dinge an der Grenze<\/a><\/h5>\n<\/li>\n<li>\n<h5><a href=\"https:\/\/nachbarrecht-aargau.ch\/index.php\/auf-der-grenze\/\">Dinge auf der Grenze<\/a><\/h5>\n<\/li>\n<li>\n<h5><a href=\"https:\/\/nachbarrecht-aargau.ch\/index.php\/pflanzabstaende\/\">Pflanzabst\u00e4nde<\/a><\/h5>\n<\/li>\n<\/ul>\n","protected":false},"excerpt":{"rendered":"<p>&#8222;Der richtige Abstand ist immer zugleich auch die richtige N\u00e4he&#8220; (Carl Fr\u00f6hling, deutscher Philosoph) W\u00e4hlen Sie im Untermen\u00fc dieses Kapitels: Dinge an der Grenze Dinge auf der Grenze Pflanzabst\u00e4nde<\/p>\n","protected":false},"author":1,"featured_media":0,"parent":0,"menu_order":0,"comment_status":"closed","ping_status":"closed","template":"","meta":{"om_disable_all_campaigns":false,"_monsterinsights_skip_tracking":false,"_monsterinsights_sitenote_active":false,"_monsterinsights_sitenote_note":"","_monsterinsights_sitenote_category":0,"_uf_show_specific_survey":0,"_uf_disable_surveys":false,"footnotes":""},"class_list":["post-27","page","type-page","status-publish","hentry"],"yoast_head":"<!-- This site is optimized with the Yoast SEO plugin v27.5 - https:\/\/yoast.com\/product\/yoast-seo-wordpress\/ -->\n<title>Abst\u00e4nde - Nachbarrecht Aargau<\/title>\n<meta name=\"robots\" content=\"index, follow, max-snippet:-1, max-image-preview:large, max-video-preview:-1\" \/>\n<link rel=\"canonical\" href=\"https:\/\/nachbarrecht-aargau.ch\/index.php\/abstaende\/\" \/>\n<meta property=\"og:locale\" content=\"de_DE\" \/>\n<meta property=\"og:type\" content=\"article\" \/>\n<meta property=\"og:title\" content=\"Abst\u00e4nde - Nachbarrecht Aargau\" \/>\n<meta property=\"og:description\" content=\"&#8222;Der richtige Abstand ist immer zugleich auch die richtige N\u00e4he&#8220; (Carl Fr\u00f6hling, deutscher Philosoph) W\u00e4hlen Sie im Untermen\u00fc dieses Kapitels: Dinge an der Grenze Dinge auf der Grenze Pflanzabst\u00e4nde\" \/>\n<meta property=\"og:url\" content=\"https:\/\/nachbarrecht-aargau.ch\/index.php\/abstaende\/\" \/>\n<meta property=\"og:site_name\" content=\"Nachbarrecht Aargau\" \/>\n<meta property=\"article:modified_time\" content=\"2025-10-02T09:35:19+00:00\" \/>\n<meta name=\"twitter:card\" content=\"summary_large_image\" \/>\n<meta name=\"twitter:label1\" content=\"Gesch\u00e4tzte Lesezeit\" \/>\n\t<meta name=\"twitter:data1\" content=\"1\u00a0Minute\" \/>\n<script type=\"application\/ld+json\" class=\"yoast-schema-graph\">{\"@context\":\"https:\\\/\\\/schema.org\",\"@graph\":[{\"@type\":\"WebPage\",\"@id\":\"https:\\\/\\\/nachbarrecht-aargau.ch\\\/index.php\\\/abstaende\\\/\",\"url\":\"https:\\\/\\\/nachbarrecht-aargau.ch\\\/index.php\\\/abstaende\\\/\",\"name\":\"Abst\u00e4nde - Nachbarrecht Aargau\",\"isPartOf\":{\"@id\":\"https:\\\/\\\/nachbarrecht-aargau.ch\\\/#website\"},\"datePublished\":\"2020-04-03T13:44:44+00:00\",\"dateModified\":\"2025-10-02T09:35:19+00:00\",\"breadcrumb\":{\"@id\":\"https:\\\/\\\/nachbarrecht-aargau.ch\\\/index.php\\\/abstaende\\\/#breadcrumb\"},\"inLanguage\":\"de\",\"potentialAction\":[{\"@type\":\"ReadAction\",\"target\":[\"https:\\\/\\\/nachbarrecht-aargau.ch\\\/index.php\\\/abstaende\\\/\"]}]},{\"@type\":\"BreadcrumbList\",\"@id\":\"https:\\\/\\\/nachbarrecht-aargau.ch\\\/index.php\\\/abstaende\\\/#breadcrumb\",\"itemListElement\":[{\"@type\":\"ListItem\",\"position\":1,\"name\":\"Home\",\"item\":\"https:\\\/\\\/nachbarrecht-aargau.ch\\\/\"},{\"@type\":\"ListItem\",\"position\":2,\"name\":\"Abst\u00e4nde\"}]},{\"@type\":\"WebSite\",\"@id\":\"https:\\\/\\\/nachbarrecht-aargau.ch\\\/#website\",\"url\":\"https:\\\/\\\/nachbarrecht-aargau.ch\\\/\",\"name\":\"Nachbarrecht Aargau\",\"description\":\"Wissenswertes \u00fcber Pflanzen, Grenzabst\u00e4nde, Immissionen und Kleinbauten\",\"potentialAction\":[{\"@type\":\"SearchAction\",\"target\":{\"@type\":\"EntryPoint\",\"urlTemplate\":\"https:\\\/\\\/nachbarrecht-aargau.ch\\\/?s={search_term_string}\"},\"query-input\":{\"@type\":\"PropertyValueSpecification\",\"valueRequired\":true,\"valueName\":\"search_term_string\"}}],\"inLanguage\":\"de\"}]}<\/script>\n<!-- \/ Yoast SEO plugin. -->","yoast_head_json":{"title":"Abst\u00e4nde - Nachbarrecht Aargau","robots":{"index":"index","follow":"follow","max-snippet":"max-snippet:-1","max-image-preview":"max-image-preview:large","max-video-preview":"max-video-preview:-1"},"canonical":"https:\/\/nachbarrecht-aargau.ch\/index.php\/abstaende\/","og_locale":"de_DE","og_type":"article","og_title":"Abst\u00e4nde - Nachbarrecht Aargau","og_description":"&#8222;Der richtige Abstand ist immer zugleich auch die richtige N\u00e4he&#8220; (Carl Fr\u00f6hling, deutscher Philosoph) W\u00e4hlen Sie im Untermen\u00fc dieses Kapitels: Dinge an der Grenze Dinge auf der Grenze Pflanzabst\u00e4nde","og_url":"https:\/\/nachbarrecht-aargau.ch\/index.php\/abstaende\/","og_site_name":"Nachbarrecht Aargau","article_modified_time":"2025-10-02T09:35:19+00:00","twitter_card":"summary_large_image","twitter_misc":{"Gesch\u00e4tzte Lesezeit":"1\u00a0Minute"},"schema":{"@context":"https:\/\/schema.org","@graph":[{"@type":"WebPage","@id":"https:\/\/nachbarrecht-aargau.ch\/index.php\/abstaende\/","url":"https:\/\/nachbarrecht-aargau.ch\/index.php\/abstaende\/","name":"Abst\u00e4nde - Nachbarrecht Aargau","isPartOf":{"@id":"https:\/\/nachbarrecht-aargau.ch\/#website"},"datePublished":"2020-04-03T13:44:44+00:00","dateModified":"2025-10-02T09:35:19+00:00","breadcrumb":{"@id":"https:\/\/nachbarrecht-aargau.ch\/index.php\/abstaende\/#breadcrumb"},"inLanguage":"de","potentialAction":[{"@type":"ReadAction","target":["https:\/\/nachbarrecht-aargau.ch\/index.php\/abstaende\/"]}]},{"@type":"BreadcrumbList","@id":"https:\/\/nachbarrecht-aargau.ch\/index.php\/abstaende\/#breadcrumb","itemListElement":[{"@type":"ListItem","position":1,"name":"Home","item":"https:\/\/nachbarrecht-aargau.ch\/"},{"@type":"ListItem","position":2,"name":"Abst\u00e4nde"}]},{"@type":"WebSite","@id":"https:\/\/nachbarrecht-aargau.ch\/#website","url":"https:\/\/nachbarrecht-aargau.ch\/","name":"Nachbarrecht Aargau","description":"Wissenswertes \u00fcber Pflanzen, Grenzabst\u00e4nde, Immissionen und Kleinbauten","potentialAction":[{"@type":"SearchAction","target":{"@type":"EntryPoint","urlTemplate":"https:\/\/nachbarrecht-aargau.ch\/?s={search_term_string}"},"query-input":{"@type":"PropertyValueSpecification","valueRequired":true,"valueName":"search_term_string"}}],"inLanguage":"de"}]}},"jetpack_sharing_enabled":true,"_links":{"self":[{"href":"https:\/\/nachbarrecht-aargau.ch\/index.php\/wp-json\/wp\/v2\/pages\/27","targetHints":{"allow":["GET"]}}],"collection":[{"href":"https:\/\/nachbarrecht-aargau.ch\/index.php\/wp-json\/wp\/v2\/pages"}],"about":[{"href":"https:\/\/nachbarrecht-aargau.ch\/index.php\/wp-json\/wp\/v2\/types\/page"}],"author":[{"embeddable":true,"href":"https:\/\/nachbarrecht-aargau.ch\/index.php\/wp-json\/wp\/v2\/users\/1"}],"replies":[{"embeddable":true,"href":"https:\/\/nachbarrecht-aargau.ch\/index.php\/wp-json\/wp\/v2\/comments?post=27"}],"version-history":[{"count":7,"href":"https:\/\/nachbarrecht-aargau.ch\/index.php\/wp-json\/wp\/v2\/pages\/27\/revisions"}],"predecessor-version":[{"id":187,"href":"https:\/\/nachbarrecht-aargau.ch\/index.php\/wp-json\/wp\/v2\/pages\/27\/revisions\/187"}],"wp:attachment":[{"href":"https:\/\/nachbarrecht-aargau.ch\/index.php\/wp-json\/wp\/v2\/media?parent=27"}],"curies":[{"name":"wp","href":"https:\/\/api.w.org\/{rel}","templated":true}]}}