{"id":45,"date":"2020-04-03T14:17:08","date_gmt":"2020-04-03T14:17:08","guid":{"rendered":"https:\/\/nachbarrecht-aargau.ch\/?page_id=45"},"modified":"2020-04-03T14:20:44","modified_gmt":"2020-04-03T14:20:44","slug":"ueber-uns","status":"publish","type":"page","link":"https:\/\/nachbarrecht-aargau.ch\/index.php\/ueber-uns\/","title":{"rendered":"\u00fcber uns"},"content":{"rendered":"<p><img loading=\"lazy\" decoding=\"async\" class=\"alignnone  wp-image-46\" src=\"https:\/\/nachbarrecht-aargau.ch\/wp-content\/uploads\/2020\/04\/csm_Streif_b95ddc6a54-300x137.jpg\" alt=\"\" width=\"707\" height=\"323\" srcset=\"https:\/\/nachbarrecht-aargau.ch\/wp-content\/uploads\/2020\/04\/csm_Streif_b95ddc6a54-300x137.jpg 300w, https:\/\/nachbarrecht-aargau.ch\/wp-content\/uploads\/2020\/04\/csm_Streif_b95ddc6a54-1024x467.jpg 1024w, https:\/\/nachbarrecht-aargau.ch\/wp-content\/uploads\/2020\/04\/csm_Streif_b95ddc6a54-768x350.jpg 768w, https:\/\/nachbarrecht-aargau.ch\/wp-content\/uploads\/2020\/04\/csm_Streif_b95ddc6a54.jpg 1140w\" sizes=\"auto, (max-width: 707px) 100vw, 707px\" \/><\/p>\n<p><strong>Rechtsanwalt Hannes Streif<\/strong> betreibt diese Webseite. Er arbeitet \u00fcberwiegend in den Bereichen Familienrecht, Vertragsrecht, Erbrecht, Nachbarrecht, Strafrecht, Strassenverkehrsrecht sowie Schuld- und Konkursrecht. Er ber\u00e4t und vertritt Einzelpersonen, Unternehmen, Erben(gemeinschaften) und Stockwerkeigent\u00fcmer(gemeinschaften). Er ber\u00e4t bei der Gestaltung von Vertr\u00e4gen, evaluiert die Chancen und Risiken bei bestehenden Disputen, setzt die bestehenden Anspr\u00fcche wo n\u00f6tig gerichtlich durch und wehrt unberechtigt erhobene Anspr\u00fcche ab. In Zusammenarbeit mit der Klientschaft entwickelt Hannes Streif die f\u00fcr die jeweilige Situation optimale Taktik und setzt diese kostenbewusst um.<\/p>\n<p>Sie erreichen ihn per E-Mail unter <em>hannes.streif@chkp.ch<\/em> oder telefonisch unter 056 204 41 11.<\/p>\n<p>Hannes Streif studierte Rechtswissenschaften an der zweisprachigen Universit\u00e4t Fribourg und erwarb 2009 das Anwaltspatent des Kantons Aargau. Er war anschliessend als Gerichtsschreiber beim Bundesverwaltungsgericht und am Bezirksgericht Zurzach t\u00e4tig. Seit 2015 ist er f\u00fcr <a href=\"http:\/\/www.chkp.ch\">chkp. ag Rechtsanw\u00e4lte Notariat<\/a> t\u00e4tig &#8211; eine der f\u00fchrenden Anwaltskanzleien im Kanton Aargau.<\/p>\n<p>Nebenberuflich war Hannes Streif w\u00e4hrend 11 Jahren Einwohnerrat der Stadt Baden und pr\u00e4sidierte die Strategiekommission. Aktuell ist er Vorstandsmitglied im Verein ThiK Theater im Kornhaus sowie Pr\u00e4sident des Beratungszentrums BZB+.<\/p>\n","protected":false},"excerpt":{"rendered":"<p>Rechtsanwalt Hannes Streif betreibt diese Webseite. Er arbeitet \u00fcberwiegend in den Bereichen Familienrecht, Vertragsrecht, Erbrecht, Nachbarrecht, Strafrecht, Strassenverkehrsrecht sowie Schuld- und Konkursrecht. Er ber\u00e4t und vertritt Einzelpersonen, Unternehmen, Erben(gemeinschaften) und Stockwerkeigent\u00fcmer(gemeinschaften). Er ber\u00e4t bei der Gestaltung von Vertr\u00e4gen, evaluiert die Chancen und Risiken bei bestehenden Disputen, setzt die bestehenden Anspr\u00fcche wo n\u00f6tig gerichtlich durch und [&hellip;]<\/p>\n","protected":false},"author":1,"featured_media":0,"parent":0,"menu_order":0,"comment_status":"closed","ping_status":"closed","template":"","meta":{"om_disable_all_campaigns":false,"_monsterinsights_skip_tracking":false,"_monsterinsights_sitenote_active":false,"_monsterinsights_sitenote_note":"","_monsterinsights_sitenote_category":0,"_uf_show_specific_survey":0,"_uf_disable_surveys":false,"footnotes":""},"class_list":["post-45","page","type-page","status-publish","hentry"],"yoast_head":"<!-- This site is optimized with the Yoast SEO plugin v27.5 - https:\/\/yoast.com\/product\/yoast-seo-wordpress\/ -->\n<title>\u00fcber uns - Nachbarrecht Aargau<\/title>\n<meta name=\"robots\" content=\"index, follow, max-snippet:-1, max-image-preview:large, max-video-preview:-1\" \/>\n<link rel=\"canonical\" href=\"https:\/\/nachbarrecht-aargau.ch\/index.php\/ueber-uns\/\" \/>\n<meta property=\"og:locale\" content=\"de_DE\" \/>\n<meta property=\"og:type\" content=\"article\" \/>\n<meta property=\"og:title\" content=\"\u00fcber uns - Nachbarrecht Aargau\" \/>\n<meta property=\"og:description\" content=\"Rechtsanwalt Hannes Streif betreibt diese Webseite. Er arbeitet \u00fcberwiegend in den Bereichen Familienrecht, Vertragsrecht, Erbrecht, Nachbarrecht, Strafrecht, Strassenverkehrsrecht sowie Schuld- und Konkursrecht. Er ber\u00e4t und vertritt Einzelpersonen, Unternehmen, Erben(gemeinschaften) und Stockwerkeigent\u00fcmer(gemeinschaften). Er ber\u00e4t bei der Gestaltung von Vertr\u00e4gen, evaluiert die Chancen und Risiken bei bestehenden Disputen, setzt die bestehenden Anspr\u00fcche wo n\u00f6tig gerichtlich durch und [&hellip;]\" \/>\n<meta property=\"og:url\" content=\"https:\/\/nachbarrecht-aargau.ch\/index.php\/ueber-uns\/\" \/>\n<meta property=\"og:site_name\" content=\"Nachbarrecht Aargau\" \/>\n<meta property=\"article:modified_time\" content=\"2020-04-03T14:20:44+00:00\" \/>\n<meta property=\"og:image\" content=\"https:\/\/nachbarrecht-aargau.ch\/wp-content\/uploads\/2020\/04\/csm_Streif_b95ddc6a54-300x137.jpg\" \/>\n<meta name=\"twitter:card\" content=\"summary_large_image\" \/>\n<meta name=\"twitter:label1\" content=\"Gesch\u00e4tzte Lesezeit\" \/>\n\t<meta name=\"twitter:data1\" content=\"1\u00a0Minute\" \/>\n<script type=\"application\/ld+json\" class=\"yoast-schema-graph\">{\"@context\":\"https:\\\/\\\/schema.org\",\"@graph\":[{\"@type\":\"WebPage\",\"@id\":\"https:\\\/\\\/nachbarrecht-aargau.ch\\\/index.php\\\/ueber-uns\\\/\",\"url\":\"https:\\\/\\\/nachbarrecht-aargau.ch\\\/index.php\\\/ueber-uns\\\/\",\"name\":\"\u00fcber uns - Nachbarrecht Aargau\",\"isPartOf\":{\"@id\":\"https:\\\/\\\/nachbarrecht-aargau.ch\\\/#website\"},\"primaryImageOfPage\":{\"@id\":\"https:\\\/\\\/nachbarrecht-aargau.ch\\\/index.php\\\/ueber-uns\\\/#primaryimage\"},\"image\":{\"@id\":\"https:\\\/\\\/nachbarrecht-aargau.ch\\\/index.php\\\/ueber-uns\\\/#primaryimage\"},\"thumbnailUrl\":\"https:\\\/\\\/nachbarrecht-aargau.ch\\\/wp-content\\\/uploads\\\/2020\\\/04\\\/csm_Streif_b95ddc6a54-300x137.jpg\",\"datePublished\":\"2020-04-03T14:17:08+00:00\",\"dateModified\":\"2020-04-03T14:20:44+00:00\",\"breadcrumb\":{\"@id\":\"https:\\\/\\\/nachbarrecht-aargau.ch\\\/index.php\\\/ueber-uns\\\/#breadcrumb\"},\"inLanguage\":\"de\",\"potentialAction\":[{\"@type\":\"ReadAction\",\"target\":[\"https:\\\/\\\/nachbarrecht-aargau.ch\\\/index.php\\\/ueber-uns\\\/\"]}]},{\"@type\":\"ImageObject\",\"inLanguage\":\"de\",\"@id\":\"https:\\\/\\\/nachbarrecht-aargau.ch\\\/index.php\\\/ueber-uns\\\/#primaryimage\",\"url\":\"https:\\\/\\\/nachbarrecht-aargau.ch\\\/wp-content\\\/uploads\\\/2020\\\/04\\\/csm_Streif_b95ddc6a54.jpg\",\"contentUrl\":\"https:\\\/\\\/nachbarrecht-aargau.ch\\\/wp-content\\\/uploads\\\/2020\\\/04\\\/csm_Streif_b95ddc6a54.jpg\",\"width\":1140,\"height\":520},{\"@type\":\"BreadcrumbList\",\"@id\":\"https:\\\/\\\/nachbarrecht-aargau.ch\\\/index.php\\\/ueber-uns\\\/#breadcrumb\",\"itemListElement\":[{\"@type\":\"ListItem\",\"position\":1,\"name\":\"Home\",\"item\":\"https:\\\/\\\/nachbarrecht-aargau.ch\\\/\"},{\"@type\":\"ListItem\",\"position\":2,\"name\":\"\u00fcber uns\"}]},{\"@type\":\"WebSite\",\"@id\":\"https:\\\/\\\/nachbarrecht-aargau.ch\\\/#website\",\"url\":\"https:\\\/\\\/nachbarrecht-aargau.ch\\\/\",\"name\":\"Nachbarrecht Aargau\",\"description\":\"Wissenswertes \u00fcber Pflanzen, Grenzabst\u00e4nde, Immissionen und Kleinbauten\",\"potentialAction\":[{\"@type\":\"SearchAction\",\"target\":{\"@type\":\"EntryPoint\",\"urlTemplate\":\"https:\\\/\\\/nachbarrecht-aargau.ch\\\/?s={search_term_string}\"},\"query-input\":{\"@type\":\"PropertyValueSpecification\",\"valueRequired\":true,\"valueName\":\"search_term_string\"}}],\"inLanguage\":\"de\"}]}<\/script>\n<!-- \/ Yoast SEO plugin. -->","yoast_head_json":{"title":"\u00fcber uns - Nachbarrecht Aargau","robots":{"index":"index","follow":"follow","max-snippet":"max-snippet:-1","max-image-preview":"max-image-preview:large","max-video-preview":"max-video-preview:-1"},"canonical":"https:\/\/nachbarrecht-aargau.ch\/index.php\/ueber-uns\/","og_locale":"de_DE","og_type":"article","og_title":"\u00fcber uns - Nachbarrecht Aargau","og_description":"Rechtsanwalt Hannes Streif betreibt diese Webseite. Er arbeitet \u00fcberwiegend in den Bereichen Familienrecht, Vertragsrecht, Erbrecht, Nachbarrecht, Strafrecht, Strassenverkehrsrecht sowie Schuld- und Konkursrecht. Er ber\u00e4t und vertritt Einzelpersonen, Unternehmen, Erben(gemeinschaften) und Stockwerkeigent\u00fcmer(gemeinschaften). Er ber\u00e4t bei der Gestaltung von Vertr\u00e4gen, evaluiert die Chancen und Risiken bei bestehenden Disputen, setzt die bestehenden Anspr\u00fcche wo n\u00f6tig gerichtlich durch und [&hellip;]","og_url":"https:\/\/nachbarrecht-aargau.ch\/index.php\/ueber-uns\/","og_site_name":"Nachbarrecht Aargau","article_modified_time":"2020-04-03T14:20:44+00:00","og_image":[{"url":"https:\/\/nachbarrecht-aargau.ch\/wp-content\/uploads\/2020\/04\/csm_Streif_b95ddc6a54-300x137.jpg","type":"","width":"","height":""}],"twitter_card":"summary_large_image","twitter_misc":{"Gesch\u00e4tzte Lesezeit":"1\u00a0Minute"},"schema":{"@context":"https:\/\/schema.org","@graph":[{"@type":"WebPage","@id":"https:\/\/nachbarrecht-aargau.ch\/index.php\/ueber-uns\/","url":"https:\/\/nachbarrecht-aargau.ch\/index.php\/ueber-uns\/","name":"\u00fcber uns - Nachbarrecht Aargau","isPartOf":{"@id":"https:\/\/nachbarrecht-aargau.ch\/#website"},"primaryImageOfPage":{"@id":"https:\/\/nachbarrecht-aargau.ch\/index.php\/ueber-uns\/#primaryimage"},"image":{"@id":"https:\/\/nachbarrecht-aargau.ch\/index.php\/ueber-uns\/#primaryimage"},"thumbnailUrl":"https:\/\/nachbarrecht-aargau.ch\/wp-content\/uploads\/2020\/04\/csm_Streif_b95ddc6a54-300x137.jpg","datePublished":"2020-04-03T14:17:08+00:00","dateModified":"2020-04-03T14:20:44+00:00","breadcrumb":{"@id":"https:\/\/nachbarrecht-aargau.ch\/index.php\/ueber-uns\/#breadcrumb"},"inLanguage":"de","potentialAction":[{"@type":"ReadAction","target":["https:\/\/nachbarrecht-aargau.ch\/index.php\/ueber-uns\/"]}]},{"@type":"ImageObject","inLanguage":"de","@id":"https:\/\/nachbarrecht-aargau.ch\/index.php\/ueber-uns\/#primaryimage","url":"https:\/\/nachbarrecht-aargau.ch\/wp-content\/uploads\/2020\/04\/csm_Streif_b95ddc6a54.jpg","contentUrl":"https:\/\/nachbarrecht-aargau.ch\/wp-content\/uploads\/2020\/04\/csm_Streif_b95ddc6a54.jpg","width":1140,"height":520},{"@type":"BreadcrumbList","@id":"https:\/\/nachbarrecht-aargau.ch\/index.php\/ueber-uns\/#breadcrumb","itemListElement":[{"@type":"ListItem","position":1,"name":"Home","item":"https:\/\/nachbarrecht-aargau.ch\/"},{"@type":"ListItem","position":2,"name":"\u00fcber uns"}]},{"@type":"WebSite","@id":"https:\/\/nachbarrecht-aargau.ch\/#website","url":"https:\/\/nachbarrecht-aargau.ch\/","name":"Nachbarrecht Aargau","description":"Wissenswertes \u00fcber Pflanzen, Grenzabst\u00e4nde, Immissionen und Kleinbauten","potentialAction":[{"@type":"SearchAction","target":{"@type":"EntryPoint","urlTemplate":"https:\/\/nachbarrecht-aargau.ch\/?s={search_term_string}"},"query-input":{"@type":"PropertyValueSpecification","valueRequired":true,"valueName":"search_term_string"}}],"inLanguage":"de"}]}},"jetpack_sharing_enabled":true,"_links":{"self":[{"href":"https:\/\/nachbarrecht-aargau.ch\/index.php\/wp-json\/wp\/v2\/pages\/45","targetHints":{"allow":["GET"]}}],"collection":[{"href":"https:\/\/nachbarrecht-aargau.ch\/index.php\/wp-json\/wp\/v2\/pages"}],"about":[{"href":"https:\/\/nachbarrecht-aargau.ch\/index.php\/wp-json\/wp\/v2\/types\/page"}],"author":[{"embeddable":true,"href":"https:\/\/nachbarrecht-aargau.ch\/index.php\/wp-json\/wp\/v2\/users\/1"}],"replies":[{"embeddable":true,"href":"https:\/\/nachbarrecht-aargau.ch\/index.php\/wp-json\/wp\/v2\/comments?post=45"}],"version-history":[{"count":5,"href":"https:\/\/nachbarrecht-aargau.ch\/index.php\/wp-json\/wp\/v2\/pages\/45\/revisions"}],"predecessor-version":[{"id":52,"href":"https:\/\/nachbarrecht-aargau.ch\/index.php\/wp-json\/wp\/v2\/pages\/45\/revisions\/52"}],"wp:attachment":[{"href":"https:\/\/nachbarrecht-aargau.ch\/index.php\/wp-json\/wp\/v2\/media?parent=45"}],"curies":[{"name":"wp","href":"https:\/\/api.w.org\/{rel}","templated":true}]}}